{"id":411,"date":"2022-03-10T17:20:05","date_gmt":"2022-03-10T22:20:05","guid":{"rendered":"https:\/\/lab.lapix.com.co\/florecimiento\/?page_id=411"},"modified":"2022-03-25T19:52:08","modified_gmt":"2022-03-26T00:52:08","slug":"articulos-y-videos","status":"publish","type":"page","link":"https:\/\/lab.lapix.com.co\/florecimiento\/articulos-y-videos\/","title":{"rendered":"Art\u00edculos y Videos"},"content":{"rendered":"<p>[et_pb_section fb_built=&#8221;1&#8243; _builder_version=&#8221;4.9.4&#8243; _module_preset=&#8221;default&#8221; use_background_color_gradient=&#8221;on&#8221; background_color_gradient_start=&#8221;rgba(206,206,206,0.29)&#8221; background_color_gradient_end=&#8221;rgba(255,255,255,0.54)&#8221; background_color_gradient_direction=&#8221;120deg&#8221; background_color_gradient_overlays_image=&#8221;on&#8221; background_image=&#8221;https:\/\/lab.lapix.com.co\/florecimiento\/wp-content\/uploads\/sites\/10\/2022\/03\/fondo_banner_florecimiento_humano-42.jpg&#8221; custom_padding=&#8221;0px||0px||true|false&#8221; hover_enabled=&#8221;0&#8243; custom_margin_last_edited=&#8221;on|desktop&#8221; sticky_enabled=&#8221;0&#8243; custom_margin_tablet=&#8221;||50px||false|false&#8221;][et_pb_row column_structure=&#8221;1_2,1_2&#8243; _builder_version=&#8221;4.9.4&#8243; _module_preset=&#8221;default&#8221; custom_padding=&#8221;||0px||false|false&#8221; hover_enabled=&#8221;0&#8243; sticky_enabled=&#8221;0&#8243;][et_pb_column type=&#8221;1_2&#8243; _builder_version=&#8221;4.9.4&#8243; _module_preset=&#8221;default&#8221; custom_padding=&#8221;170px||||false|false&#8221; hover_enabled=&#8221;0&#8243; custom_padding_last_edited=&#8221;on|desktop&#8221; sticky_enabled=&#8221;0&#8243; custom_padding_tablet=&#8221;60px||||false|false&#8221; custom_padding_phone=&#8221;40px||||false|false&#8221;][et_pb_text _builder_version=&#8221;4.9.4&#8243; _module_preset=&#8221;default&#8221; text_font=&#8221;|700|||||||&#8221; text_text_color=&#8221;#2d4873&#8243; text_font_size=&#8221;42px&#8221; text_line_height=&#8221;1.1em&#8221; custom_margin=&#8221;||5px||false|false&#8221;]<\/p>\n<p>Art\u00edculos y Videos<\/p>\n<p>[\/et_pb_text][et_pb_text _builder_version=&#8221;4.9.4&#8243; _module_preset=&#8221;default&#8221; text_font=&#8221;||on||||||&#8221; text_text_color=&#8221;#2d4873&#8243; text_font_size=&#8221;28px&#8221; text_line_height=&#8221;1.1em&#8221;]<\/p>\n<p>Pr\u00f3ximamente&#8230;<\/p>\n<p>[\/et_pb_text][et_pb_divider color=&#8221;#126ea9&#8243; divider_weight=&#8221;1px&#8221; _builder_version=&#8221;4.9.4&#8243; _module_preset=&#8221;default&#8221; width=&#8221;82%&#8221; custom_margin=&#8221;||0px||false|false&#8221; custom_padding=&#8221;||||false|false&#8221;][\/et_pb_divider][et_pb_image src=&#8221;https:\/\/lab.lapix.com.co\/florecimiento\/wp-content\/uploads\/sites\/10\/2022\/03\/florecimiento_humano_footer-41.png&#8221; title_text=&#8221;florecimiento_humano_footer-41&#8243; _builder_version=&#8221;4.9.4&#8243; _module_preset=&#8221;default&#8221; width=&#8221;80%&#8221;][\/et_pb_image][\/et_pb_column][et_pb_column type=&#8221;1_2&#8243; _builder_version=&#8221;4.9.4&#8243; _module_preset=&#8221;default&#8221;][et_pb_image src=&#8221;https:\/\/lab.lapix.com.co\/florecimiento\/wp-content\/uploads\/sites\/10\/2022\/03\/florecimiento_humano_2022-52.png&#8221; title_text=&#8221;florecimiento_humano_2022-52&#8243; _builder_version=&#8221;4.9.4&#8243; _module_preset=&#8221;default&#8221; width=&#8221;80%&#8221; module_alignment=&#8221;center&#8221; custom_margin=&#8221;0px||0px||true|false&#8221; custom_padding=&#8221;0px||0px||true|false&#8221;][\/et_pb_image][\/et_pb_column][\/et_pb_row][\/et_pb_section][et_pb_section fb_built=&#8221;1&#8243; custom_padding_last_edited=&#8221;on|desktop&#8221; _builder_version=&#8221;4.9.4&#8243; _module_preset=&#8221;default&#8221; custom_padding_tablet=&#8221;0px||||false|false&#8221; custom_padding_phone=&#8221;&#8221; global_module=&#8221;202&#8243; saved_tabs=&#8221;all&#8221;][et_pb_row _builder_version=&#8221;4.9.4&#8243; _module_preset=&#8221;default&#8221; custom_margin=&#8221;||||false|false&#8221; custom_padding=&#8221;||0px||false|false&#8221;][et_pb_column type=&#8221;4_4&#8243; _builder_version=&#8221;4.9.4&#8243; _module_preset=&#8221;default&#8221;][et_pb_image src=&#8221;https:\/\/lab.lapix.com.co\/florecimiento\/wp-content\/uploads\/sites\/10\/2022\/03\/florecimiento_humano_footer-41.png&#8221; title_text=&#8221;florecimiento_humano_footer-41&#8243; align=&#8221;center&#8221; _builder_version=&#8221;4.9.4&#8243; _module_preset=&#8221;default&#8221; width=&#8221;40%&#8221; width_tablet=&#8221;60%&#8221; width_phone=&#8221;80%&#8221; width_last_edited=&#8221;on|phone&#8221;][\/et_pb_image][et_pb_text _builder_version=&#8221;4.9.4&#8243; _module_preset=&#8221;default&#8221; text_font=&#8221;||||||||&#8221; text_text_color=&#8221;#2d4873&#8243; text_font_size=&#8221;18px&#8221; text_line_height=&#8221;1.1em&#8221; text_orientation=&#8221;center&#8221; custom_margin=&#8221;||10px||false|false&#8221; link_option_url=&#8221;https:\/\/lab.lapix.com.co\/florecimiento\/&#8221;]<\/p>\n<p>Home<\/p>\n<p>[\/et_pb_text][et_pb_text _builder_version=&#8221;4.9.4&#8243; _module_preset=&#8221;default&#8221; text_font=&#8221;||||||||&#8221; text_text_color=&#8221;#2d4873&#8243; text_font_size=&#8221;18px&#8221; text_line_height=&#8221;1.1em&#8221; text_orientation=&#8221;center&#8221; custom_margin=&#8221;||10px||false|false&#8221; link_option_url=&#8221;https:\/\/lab.lapix.com.co\/florecimiento\/quienes-somos\/&#8221;]<\/p>\n<p>Qui\u00e9nes Somos<\/p>\n<p>[\/et_pb_text][et_pb_text _builder_version=&#8221;4.9.4&#8243; _module_preset=&#8221;default&#8221; text_font=&#8221;||||||||&#8221; text_text_color=&#8221;#2d4873&#8243; text_font_size=&#8221;18px&#8221; text_line_height=&#8221;1.1em&#8221; text_orientation=&#8221;center&#8221; custom_margin=&#8221;||10px||false|false&#8221; link_option_url=&#8221;https:\/\/lab.lapix.com.co\/florecimiento\/relaciones-toxicas\/&#8221;]<\/p>\n<p>Parejas<\/p>\n<p>[\/et_pb_text][et_pb_text _builder_version=&#8221;4.9.4&#8243; _module_preset=&#8221;default&#8221; text_font=&#8221;||||||||&#8221; text_text_color=&#8221;#2d4873&#8243; text_font_size=&#8221;18px&#8221; text_line_height=&#8221;1.1em&#8221; text_orientation=&#8221;center&#8221; custom_margin=&#8221;||10px||false|false&#8221; link_option_url=&#8221;https:\/\/lab.lapix.com.co\/florecimiento\/rupturas-amorosas\/&#8221;]<\/p>\n<p>Duelo<\/p>\n<p>[\/et_pb_text][et_pb_text _builder_version=&#8221;4.9.4&#8243; _module_preset=&#8221;default&#8221; text_font=&#8221;||||||||&#8221; text_text_color=&#8221;#2d4873&#8243; text_font_size=&#8221;18px&#8221; text_line_height=&#8221;1.1em&#8221; text_orientation=&#8221;center&#8221; custom_margin=&#8221;||10px||false|false&#8221; link_option_url=&#8221;https:\/\/lab.lapix.com.co\/florecimiento\/supervivientes-de-abuso-sexual\/&#8221;]<\/p>\n<p>Trauma<\/p>\n<p>[\/et_pb_text][et_pb_text _builder_version=&#8221;4.9.4&#8243; _module_preset=&#8221;default&#8221; text_font=&#8221;||||||||&#8221; text_text_color=&#8221;#2d4873&#8243; text_font_size=&#8221;18px&#8221; text_line_height=&#8221;1.1em&#8221; text_orientation=&#8221;center&#8221; custom_margin=&#8221;||10px||false|false&#8221; link_option_url=&#8221;https:\/\/lab.lapix.com.co\/florecimiento\/articulos-y-videos\/&#8221;]<\/p>\n<p>Art\u00edculos y Videos<\/p>\n<p>[\/et_pb_text][et_pb_text _builder_version=&#8221;4.9.4&#8243; _module_preset=&#8221;default&#8221; text_font=&#8221;||||||||&#8221; text_text_color=&#8221;#2d4873&#8243; text_font_size=&#8221;18px&#8221; text_line_height=&#8221;1.1em&#8221; text_orientation=&#8221;center&#8221; custom_margin=&#8221;||||false|false&#8221; link_option_url=&#8221;https:\/\/lab.lapix.com.co\/florecimiento\/contacto\/&#8221;]<\/p>\n<p>Contacto<\/p>\n<p>[\/et_pb_text][et_pb_text _builder_version=&#8221;4.9.4&#8243; _module_preset=&#8221;default&#8221; text_font=&#8221;|600|||||||&#8221; text_text_color=&#8221;#126ea9&#8243; text_font_size=&#8221;18px&#8221; text_line_height=&#8221;1.1em&#8221; text_orientation=&#8221;center&#8221; custom_margin=&#8221;||10px||false|false&#8221;]<\/p>\n<p>S\u00edguenos en Facebook<\/p>\n<p>[\/et_pb_text][et_pb_blurb url_new_window=&#8221;on&#8221; use_icon=&#8221;on&#8221; font_icon=&#8221;%%314%%&#8221; icon_color=&#8221;#2d4873&#8243; use_icon_font_size=&#8221;on&#8221; icon_font_size=&#8221;40px&#8221; _builder_version=&#8221;4.9.4&#8243; _module_preset=&#8221;default&#8221; header_font=&#8221;|600|||||||&#8221; header_text_align=&#8221;center&#8221; header_text_color=&#8221;#126ea9&#8243; header_font_size=&#8221;20px&#8221; header_line_height=&#8221;1.5em&#8221; custom_margin=&#8221;||||false|false&#8221; custom_padding=&#8221;||||false|false&#8221; link_option_url=&#8221;https:\/\/www.facebook.com\/FlorecimientoHumano.es\/&#8221; link_option_url_new_window=&#8221;on&#8221;][\/et_pb_blurb][\/et_pb_column][\/et_pb_row][\/et_pb_section]<\/p>\n","protected":false},"excerpt":{"rendered":"<p>Art\u00edculos y VideosPr\u00f3ximamente&#8230;HomeQui\u00e9nes SomosParejasDueloTraumaArt\u00edculos y VideosContactoS\u00edguenos en Facebook<\/p>\n","protected":false},"author":1,"featured_media":0,"parent":0,"menu_order":0,"comment_status":"closed","ping_status":"closed","template":"","meta":{"_et_pb_use_builder":"on","_et_pb_old_content":"","_et_gb_content_width":"","footnotes":""},"class_list":["post-411","page","type-page","status-publish","hentry"],"_links":{"self":[{"href":"https:\/\/lab.lapix.com.co\/florecimiento\/wp-json\/wp\/v2\/pages\/411","targetHints":{"allow":["GET"]}}],"collection":[{"href":"https:\/\/lab.lapix.com.co\/florecimiento\/wp-json\/wp\/v2\/pages"}],"about":[{"href":"https:\/\/lab.lapix.com.co\/florecimiento\/wp-json\/wp\/v2\/types\/page"}],"author":[{"embeddable":true,"href":"https:\/\/lab.lapix.com.co\/florecimiento\/wp-json\/wp\/v2\/users\/1"}],"replies":[{"embeddable":true,"href":"https:\/\/lab.lapix.com.co\/florecimiento\/wp-json\/wp\/v2\/comments?post=411"}],"version-history":[{"count":12,"href":"https:\/\/lab.lapix.com.co\/florecimiento\/wp-json\/wp\/v2\/pages\/411\/revisions"}],"predecessor-version":[{"id":651,"href":"https:\/\/lab.lapix.com.co\/florecimiento\/wp-json\/wp\/v2\/pages\/411\/revisions\/651"}],"wp:attachment":[{"href":"https:\/\/lab.lapix.com.co\/florecimiento\/wp-json\/wp\/v2\/media?parent=411"}],"curies":[{"name":"wp","href":"https:\/\/api.w.org\/{rel}","templated":true}]}}